{"id":1261,"date":"2017-10-21T02:39:23","date_gmt":"2017-10-21T02:39:23","guid":{"rendered":"https:\/\/tornasol.com\/tornasol\/"},"modified":"2020-04-28T18:00:29","modified_gmt":"2020-04-28T18:00:29","slug":"tornasol","status":"publish","type":"page","link":"https:\/\/tornasol.com\/es\/tornasol\/","title":{"rendered":"Tornasol"},"content":{"rendered":"<p><div class=\"fusion-fullwidth fullwidth-box fusion-builder-row-1 nonhundred-percent-fullwidth non-hundred-percent-height-scrolling fusion-equal-height-columns\" style=\"--awb-background-position:left top;--awb-border-radius-top-left:0px;--awb-border-radius-top-right:0px;--awb-border-radius-bottom-right:0px;--awb-border-radius-bottom-left:0px;--awb-padding-top:80px;--awb-padding-bottom:90px;--awb-border-sizes-top:0px;--awb-border-sizes-bottom:0px;--awb-flex-wrap:wrap;\" ><div class=\"fusion-builder-row fusion-row\"><div class=\"fusion-layout-column fusion_builder_column fusion-builder-column-0 fusion_builder_column_1_2 1_2 fusion-one-half fusion-column-first\" style=\"--awb-bg-size:cover;--awb-margin-top:20px;width:50%;width:calc(50% - ( ( 9% ) * 0.5 ) );margin-right: 9%;\"><div class=\"fusion-column-wrapper fusion-flex-column-wrapper-legacy\"><div class=\"fusion-column-content-centered\"><div class=\"fusion-column-content\"><div class=\"fusion-title title fusion-title-1 fusion-sep-none fusion-title-text fusion-title-size-two\" style=\"--awb-margin-top-small:0px;--awb-margin-right-small:0px;--awb-margin-bottom-small:20px;--awb-margin-left-small:0px;\"><h2 class=\"fusion-title-heading title-heading-left fusion-responsive-typography-calculated\" style=\"margin:0;--fontSize:38;line-height:1.3;\">Desde 1991 Tornasol Aventura dise\u00f1a y organiza actividades y eventos para empresas y otras organizaciones.<\/h2><\/div><div class=\"fusion-sep-clear\"><\/div><div class=\"fusion-separator fusion-full-width-sep\" style=\"margin-left: auto;margin-right: auto;margin-top:15px;width:100%;\"><\/div><div class=\"fusion-sep-clear\"><\/div><div class=\"fusion-text fusion-text-1\"><p>Nuestros programas est\u00e1n orientados a fomentar las relaciones personales, cohesionar equipos laborales y motivar a los participantes transmitiendo siempre los valores de la empresa cliente. Una vez analizadas las necesidades de cada cliente, dise\u00f1amos el evento que m\u00e1s se ajusta a sus demandas, teniendo en cuenta el n\u00famero de participantes, la edad y las caracter\u00edsticas de estos, la ubicaci\u00f3n, la duraci\u00f3n y el presupuesto.<\/p>\n<p><strong>Tornasol Aventura<\/strong> cuenta con la estructura de personal y material necesaria para ofrecer unos servicios de m\u00e1xima calidad con todas las garant\u00edas de seguridad e imagen.<\/p>\n<\/div><\/div><\/div><div class=\"fusion-clearfix\"><\/div><\/div><\/div><div class=\"fusion-layout-column fusion_builder_column fusion-builder-column-1 fusion_builder_column_1_2 1_2 fusion-one-half fusion-column-last\" style=\"--awb-bg-size:cover;--awb-margin-top:20px;width:50%;width:calc(50% - ( ( 9% ) * 0.5 ) );\"><div class=\"fusion-column-wrapper fusion-flex-column-wrapper-legacy\"><div class=\"fusion-column-content-centered\"><div class=\"fusion-column-content\"><div class=\"fusion-image-element in-legacy-container\" style=\"--awb-caption-title-font-family:var(--h2_typography-font-family);--awb-caption-title-font-weight:var(--h2_typography-font-weight);--awb-caption-title-font-style:var(--h2_typography-font-style);--awb-caption-title-size:var(--h2_typography-font-size);--awb-caption-title-transform:var(--h2_typography-text-transform);--awb-caption-title-line-height:var(--h2_typography-line-height);--awb-caption-title-letter-spacing:var(--h2_typography-letter-spacing);\"><span class=\" fusion-imageframe imageframe-none imageframe-1 hover-type-none\"><img decoding=\"async\" width=\"800\" height=\"600\" title=\"girl-1955797R\" src=\"https:\/\/tornasol.com\/wp-content\/uploads\/2020\/04\/girl-1955797R.jpg\" alt class=\"img-responsive wp-image-1408\" srcset=\"https:\/\/tornasol.com\/wp-content\/uploads\/2020\/04\/girl-1955797R-200x150.jpg 200w, https:\/\/tornasol.com\/wp-content\/uploads\/2020\/04\/girl-1955797R-400x300.jpg 400w, https:\/\/tornasol.com\/wp-content\/uploads\/2020\/04\/girl-1955797R-600x450.jpg 600w, https:\/\/tornasol.com\/wp-content\/uploads\/2020\/04\/girl-1955797R.jpg 800w\" sizes=\"(max-width: 800px) 100vw, 600px\" \/><\/span><\/div><\/div><\/div><div class=\"fusion-clearfix\"><\/div><\/div><\/div><\/div><\/div><div class=\"fusion-fullwidth fullwidth-box fusion-builder-row-2 nonhundred-percent-fullwidth non-hundred-percent-height-scrolling fusion-no-small-visibility fusion-no-medium-visibility\" style=\"--awb-background-position:left top;--awb-border-radius-top-left:0px;--awb-border-radius-top-right:0px;--awb-border-radius-bottom-right:0px;--awb-border-radius-bottom-left:0px;--awb-padding-top:80px;--awb-padding-bottom:80px;--awb-background-color:#f7f8f9;--awb-border-sizes-top:0px;--awb-border-sizes-bottom:0px;--awb-flex-wrap:wrap;\" ><div class=\"fusion-builder-row fusion-row\"><div class=\"fusion-layout-column fusion_builder_column fusion-builder-column-2 fusion_builder_column_1_1 1_1 fusion-one-full fusion-column-first fusion-column-last\" style=\"--awb-bg-size:cover;--awb-margin-bottom:0px;\"><div class=\"fusion-column-wrapper fusion-flex-column-wrapper-legacy\"><div class=\"fusion-title title fusion-title-2 fusion-sep-none fusion-title-text fusion-title-size-two\" style=\"--awb-margin-top-small:0px;--awb-margin-right-small:0px;--awb-margin-bottom-small:20px;--awb-margin-left-small:0px;\"><h2 class=\"fusion-title-heading title-heading-left fusion-responsive-typography-calculated\" style=\"margin:0;--fontSize:38;line-height:1.3;\"><p style=\"text-align: center;\">El esfuerzo y la cooperaci\u00f3n en equipo nos ayuda a ser mejores!<\/p><\/h2><\/div><div class=\"fusion-text fusion-text-2\"><p class=\"intro\" style=\"text-align: center;\">Con nuestros programas motivacionales estimularemos el esp\u00edritu de trabajo en equipo, la cohesi\u00f3n, la implicaci\u00f3n positiva, la creatividad y el esfuerzo fuera del entorno habitual de trabajo y la intercomunicaci\u00f3n entre el personal de su empresa. Tambi\u00e9n desarrollamos programas de fidelizaci\u00f3n para grupos de clientes o proveedores de su firma.<\/p>\n<\/div><div class=\"fusion-clearfix\"><\/div><\/div><\/div><\/div><\/div><div class=\"fusion-fullwidth fullwidth-box fusion-builder-row-3 fusion-parallax-none nonhundred-percent-fullwidth non-hundred-percent-height-scrolling fusion-equal-height-columns\" style=\"--awb-background-blend-mode:overlay;--awb-border-radius-top-left:0px;--awb-border-radius-top-right:0px;--awb-border-radius-bottom-right:0px;--awb-border-radius-bottom-left:0px;--awb-padding-top:5%;--awb-padding-bottom:5%;--awb-background-color:rgba(0,0,0,0.16);--awb-background-image:url(&quot;https:\/\/tornasol.com\/wp-content\/uploads\/2020\/04\/f1torR.jpg&quot;);--awb-background-size:cover;--awb-flex-wrap:wrap;\" ><div class=\"fusion-builder-row fusion-row\"><div class=\"fusion-layout-column fusion_builder_column fusion-builder-column-3 fusion_builder_column_1_4 1_4 fusion-one-fourth fusion-column-first fusion-no-small-visibility\" style=\"--awb-bg-size:cover;--awb-margin-bottom:0px;width:25%;width:calc(25% - ( ( 4% + 4% ) * 0.25 ) );margin-right: 4%;\"><div class=\"fusion-column-wrapper fusion-flex-column-wrapper-legacy\"><div class=\"fusion-clearfix\"><\/div><\/div><\/div><div class=\"fusion-layout-column fusion_builder_column fusion-builder-column-4 fusion_builder_column_1_2 1_2 fusion-one-half\" style=\"--awb-bg-size:cover;--awb-margin-top:200px;--awb-margin-bottom:200px;width:50%;width:calc(50% - ( ( 4% + 4% ) * 0.5 ) );margin-right: 4%;\"><div class=\"fusion-column-wrapper fusion-column-has-shadow fusion-flex-column-wrapper-legacy\"><div class=\"fusion-column-content-centered\"><div class=\"fusion-column-content\"><\/div><\/div><div class=\"fusion-clearfix\"><\/div><\/div><\/div><div class=\"fusion-layout-column fusion_builder_column fusion-builder-column-5 fusion_builder_column_1_4 1_4 fusion-one-fourth fusion-column-last fusion-no-small-visibility\" style=\"--awb-bg-size:cover;--awb-margin-bottom:0px;width:25%;width:calc(25% - ( ( 4% + 4% ) * 0.25 ) );\"><div class=\"fusion-column-wrapper fusion-flex-column-wrapper-legacy\"><div class=\"fusion-clearfix\"><\/div><\/div><\/div><\/div><\/div><\/p>\n","protected":false},"excerpt":{"rendered":"","protected":false},"author":1,"featured_media":0,"parent":0,"menu_order":0,"comment_status":"closed","ping_status":"closed","template":"100-width.php","meta":{"footnotes":""},"class_list":["post-1261","page","type-page","status-publish","hentry"],"yoast_head":"<!-- This site is optimized with the Yoast SEO plugin v27.4 - https:\/\/yoast.com\/product\/yoast-seo-wordpress\/ -->\n<title>Tornasol - Tornasol Events<\/title>\n<meta name=\"robots\" content=\"index, follow, max-snippet:-1, max-image-preview:large, max-video-preview:-1\" \/>\n<link rel=\"canonical\" href=\"https:\/\/tornasol.com\/es\/tornasol\/\" \/>\n<meta property=\"og:locale\" content=\"es_ES\" \/>\n<meta property=\"og:type\" content=\"article\" \/>\n<meta property=\"og:title\" content=\"Tornasol - Tornasol Events\" \/>\n<meta property=\"og:url\" content=\"https:\/\/tornasol.com\/es\/tornasol\/\" \/>\n<meta property=\"og:site_name\" content=\"Tornasol Events\" \/>\n<meta property=\"article:modified_time\" content=\"2020-04-28T18:00:29+00:00\" \/>\n<meta name=\"twitter:card\" content=\"summary_large_image\" \/>\n<meta name=\"twitter:label1\" content=\"Tiempo de lectura\" \/>\n\t<meta name=\"twitter:data1\" content=\"6 minutos\" \/>\n<script type=\"application\/ld+json\" class=\"yoast-schema-graph\">{\"@context\":\"https:\\\/\\\/schema.org\",\"@graph\":[{\"@type\":\"WebPage\",\"@id\":\"https:\\\/\\\/tornasol.com\\\/es\\\/tornasol\\\/\",\"url\":\"https:\\\/\\\/tornasol.com\\\/es\\\/tornasol\\\/\",\"name\":\"Tornasol - Tornasol Events\",\"isPartOf\":{\"@id\":\"https:\\\/\\\/tornasol.com\\\/#website\"},\"datePublished\":\"2017-10-21T02:39:23+00:00\",\"dateModified\":\"2020-04-28T18:00:29+00:00\",\"breadcrumb\":{\"@id\":\"https:\\\/\\\/tornasol.com\\\/es\\\/tornasol\\\/#breadcrumb\"},\"inLanguage\":\"es\",\"potentialAction\":[{\"@type\":\"ReadAction\",\"target\":[\"https:\\\/\\\/tornasol.com\\\/es\\\/tornasol\\\/\"]}]},{\"@type\":\"BreadcrumbList\",\"@id\":\"https:\\\/\\\/tornasol.com\\\/es\\\/tornasol\\\/#breadcrumb\",\"itemListElement\":[{\"@type\":\"ListItem\",\"position\":1,\"name\":\"Portada\",\"item\":\"https:\\\/\\\/tornasol.com\\\/es\\\/\"},{\"@type\":\"ListItem\",\"position\":2,\"name\":\"Tornasol\"}]},{\"@type\":\"WebSite\",\"@id\":\"https:\\\/\\\/tornasol.com\\\/#website\",\"url\":\"https:\\\/\\\/tornasol.com\\\/\",\"name\":\"Tornasol Events\",\"description\":\"Activitats d&#039;Outdoor i d&#039;aventura per empreses i organitzacions\",\"potentialAction\":[{\"@type\":\"SearchAction\",\"target\":{\"@type\":\"EntryPoint\",\"urlTemplate\":\"https:\\\/\\\/tornasol.com\\\/?s={search_term_string}\"},\"query-input\":{\"@type\":\"PropertyValueSpecification\",\"valueRequired\":true,\"valueName\":\"search_term_string\"}}],\"inLanguage\":\"es\"}]}<\/script>\n<!-- \/ Yoast SEO plugin. -->","yoast_head_json":{"title":"Tornasol - Tornasol Events","robots":{"index":"index","follow":"follow","max-snippet":"max-snippet:-1","max-image-preview":"max-image-preview:large","max-video-preview":"max-video-preview:-1"},"canonical":"https:\/\/tornasol.com\/es\/tornasol\/","og_locale":"es_ES","og_type":"article","og_title":"Tornasol - Tornasol Events","og_url":"https:\/\/tornasol.com\/es\/tornasol\/","og_site_name":"Tornasol Events","article_modified_time":"2020-04-28T18:00:29+00:00","twitter_card":"summary_large_image","twitter_misc":{"Tiempo de lectura":"6 minutos"},"schema":{"@context":"https:\/\/schema.org","@graph":[{"@type":"WebPage","@id":"https:\/\/tornasol.com\/es\/tornasol\/","url":"https:\/\/tornasol.com\/es\/tornasol\/","name":"Tornasol - Tornasol Events","isPartOf":{"@id":"https:\/\/tornasol.com\/#website"},"datePublished":"2017-10-21T02:39:23+00:00","dateModified":"2020-04-28T18:00:29+00:00","breadcrumb":{"@id":"https:\/\/tornasol.com\/es\/tornasol\/#breadcrumb"},"inLanguage":"es","potentialAction":[{"@type":"ReadAction","target":["https:\/\/tornasol.com\/es\/tornasol\/"]}]},{"@type":"BreadcrumbList","@id":"https:\/\/tornasol.com\/es\/tornasol\/#breadcrumb","itemListElement":[{"@type":"ListItem","position":1,"name":"Portada","item":"https:\/\/tornasol.com\/es\/"},{"@type":"ListItem","position":2,"name":"Tornasol"}]},{"@type":"WebSite","@id":"https:\/\/tornasol.com\/#website","url":"https:\/\/tornasol.com\/","name":"Tornasol Events","description":"Activitats d&#039;Outdoor i d&#039;aventura per empreses i organitzacions","potentialAction":[{"@type":"SearchAction","target":{"@type":"EntryPoint","urlTemplate":"https:\/\/tornasol.com\/?s={search_term_string}"},"query-input":{"@type":"PropertyValueSpecification","valueRequired":true,"valueName":"search_term_string"}}],"inLanguage":"es"}]}},"_links":{"self":[{"href":"https:\/\/tornasol.com\/es\/wp-json\/wp\/v2\/pages\/1261","targetHints":{"allow":["GET"]}}],"collection":[{"href":"https:\/\/tornasol.com\/es\/wp-json\/wp\/v2\/pages"}],"about":[{"href":"https:\/\/tornasol.com\/es\/wp-json\/wp\/v2\/types\/page"}],"author":[{"embeddable":true,"href":"https:\/\/tornasol.com\/es\/wp-json\/wp\/v2\/users\/1"}],"replies":[{"embeddable":true,"href":"https:\/\/tornasol.com\/es\/wp-json\/wp\/v2\/comments?post=1261"}],"version-history":[{"count":5,"href":"https:\/\/tornasol.com\/es\/wp-json\/wp\/v2\/pages\/1261\/revisions"}],"predecessor-version":[{"id":1446,"href":"https:\/\/tornasol.com\/es\/wp-json\/wp\/v2\/pages\/1261\/revisions\/1446"}],"wp:attachment":[{"href":"https:\/\/tornasol.com\/es\/wp-json\/wp\/v2\/media?parent=1261"}],"curies":[{"name":"wp","href":"https:\/\/api.w.org\/{rel}","templated":true}]}}