{"id":1338,"date":"2017-10-20T22:31:08","date_gmt":"2017-10-20T22:31:08","guid":{"rendered":"https:\/\/tornasol.com\/activitats-outdoor-i-aventura\/"},"modified":"2020-04-28T18:31:48","modified_gmt":"2020-04-28T18:31:48","slug":"activites-outdoor-et-daventure","status":"publish","type":"page","link":"https:\/\/tornasol.com\/fr\/activites-outdoor-et-daventure\/","title":{"rendered":"Activit\u00e9s Outdoor et d&rsquo;Aventure"},"content":{"rendered":"<p><div class=\"fusion-fullwidth fullwidth-box fusion-builder-row-1 nonhundred-percent-fullwidth non-hundred-percent-height-scrolling fusion-equal-height-columns\" style=\"--awb-background-position:left top;--awb-border-radius-top-left:0px;--awb-border-radius-top-right:0px;--awb-border-radius-bottom-right:0px;--awb-border-radius-bottom-left:0px;--awb-padding-top:0px;--awb-padding-bottom:0px;--awb-margin-top:100px;--awb-margin-bottom:100px;--awb-background-color:rgba(234,234,234,0);--awb-border-sizes-top:0px;--awb-border-sizes-bottom:0px;--awb-flex-wrap:wrap;\" ><div class=\"fusion-builder-row fusion-row\"><div class=\"fusion-layout-column fusion_builder_column fusion-builder-column-0 fusion_builder_column_1_1 1_1 fusion-one-full fusion-column-first fusion-column-last\" style=\"--awb-bg-size:cover;--awb-margin-bottom:0px;\"><div class=\"fusion-column-wrapper fusion-column-has-shadow fusion-flex-column-wrapper-legacy\"><div class=\"fusion-column-content-centered\"><div class=\"fusion-column-content\"><div class=\"fusion-title title fusion-title-1 fusion-sep-none fusion-title-center fusion-title-text fusion-title-size-two\" style=\"--awb-margin-top-small:0px;--awb-margin-right-small:0px;--awb-margin-bottom-small:20px;--awb-margin-left-small:0px;\"><h2 class=\"fusion-title-heading title-heading-center fusion-responsive-typography-calculated\" style=\"margin:0;--fontSize:38;line-height:1.3;\"><p style=\"text-align: center;\">Elles sont le compl\u00e9ment id\u00e9al de r\u00e9unions d&rsquo;entreprise, conventions, primes ou programes de fid\u00e9lisation de clients.<\/p><\/h2><\/div><\/div><\/div><div class=\"fusion-clearfix\"><\/div><\/div><\/div><\/div><\/div><div class=\"fusion-fullwidth fullwidth-box fusion-builder-row-2 nonhundred-percent-fullwidth non-hundred-percent-height-scrolling fusion-equal-height-columns\" style=\"--awb-background-position:left top;--awb-border-radius-top-left:0px;--awb-border-radius-top-right:0px;--awb-border-radius-bottom-right:0px;--awb-border-radius-bottom-left:0px;--awb-padding-top:70px;--awb-padding-bottom:90px;--awb-background-color:#f7f8f9;--awb-border-sizes-top:0px;--awb-border-sizes-bottom:0px;--awb-flex-wrap:wrap;\" ><div class=\"fusion-builder-row fusion-row\"><div class=\"fusion-layout-column fusion_builder_column fusion-builder-column-1 fusion_builder_column_1_2 1_2 fusion-one-half fusion-column-first\" style=\"--awb-bg-size:cover;--awb-margin-top:30px;width:50%;width:calc(50% - ( ( 9% ) * 0.5 ) );margin-right: 9%;\"><div class=\"fusion-column-wrapper fusion-flex-column-wrapper-legacy\"><div class=\"fusion-column-content-centered\"><div class=\"fusion-column-content\"><div class=\"fusion-image-element fusion-image-align-center in-legacy-container\" style=\"text-align:center;--awb-caption-title-font-family:var(--h2_typography-font-family);--awb-caption-title-font-weight:var(--h2_typography-font-weight);--awb-caption-title-font-style:var(--h2_typography-font-style);--awb-caption-title-size:var(--h2_typography-font-size);--awb-caption-title-transform:var(--h2_typography-text-transform);--awb-caption-title-line-height:var(--h2_typography-line-height);--awb-caption-title-letter-spacing:var(--h2_typography-letter-spacing);\"><div class=\"imageframe-align-center\"><span class=\" fusion-imageframe imageframe-none imageframe-1 hover-type-none\"><img decoding=\"async\" width=\"900\" height=\"589\" title=\"outadv2R\" src=\"https:\/\/tornasol.com\/wp-content\/uploads\/2020\/04\/outadv2R.jpg\" alt class=\"img-responsive wp-image-1418\" srcset=\"https:\/\/tornasol.com\/wp-content\/uploads\/2020\/04\/outadv2R-200x131.jpg 200w, https:\/\/tornasol.com\/wp-content\/uploads\/2020\/04\/outadv2R-400x262.jpg 400w, https:\/\/tornasol.com\/wp-content\/uploads\/2020\/04\/outadv2R-600x393.jpg 600w, https:\/\/tornasol.com\/wp-content\/uploads\/2020\/04\/outadv2R-800x524.jpg 800w, https:\/\/tornasol.com\/wp-content\/uploads\/2020\/04\/outadv2R.jpg 900w\" sizes=\"(max-width: 800px) 100vw, 600px\" \/><\/span><\/div><\/div><\/div><\/div><div class=\"fusion-clearfix\"><\/div><\/div><\/div><div class=\"fusion-layout-column fusion_builder_column fusion-builder-column-2 fusion_builder_column_1_2 1_2 fusion-one-half fusion-column-last\" style=\"--awb-bg-size:cover;--awb-margin-top:30px;width:50%;width:calc(50% - ( ( 9% ) * 0.5 ) );\"><div class=\"fusion-column-wrapper fusion-column-has-shadow fusion-flex-column-wrapper-legacy\"><div class=\"fusion-column-content-centered\"><div class=\"fusion-column-content\"><div class=\"fusion-title title fusion-title-2 fusion-sep-none fusion-title-text fusion-title-size-one\" style=\"--awb-margin-top-small:0px;--awb-margin-right-small:0px;--awb-margin-bottom-small:20px;--awb-margin-left-small:0px;\"><h1 class=\"fusion-title-heading title-heading-left fusion-responsive-typography-calculated\" style=\"margin:0;--fontSize:48;line-height:1.12;\">Activit\u00e9s d&rsquo;aventure<\/h1><\/div><div class=\"fusion-sep-clear\"><\/div><div class=\"fusion-separator fusion-full-width-sep\" style=\"margin-left: auto;margin-right: auto;margin-top:15px;width:100%;\"><\/div><div class=\"fusion-sep-clear\"><\/div><div class=\"fusion-text fusion-text-1\"><p style=\"font-size: 21px;\"><strong>Tout type d&rsquo;aventures qui feront vivre aux participants des exp\u00e9riences uniques.<\/strong><\/p>\n<\/div><div class=\"fusion-sep-clear\"><\/div><div class=\"fusion-separator fusion-full-width-sep\" style=\"margin-left: auto;margin-right: auto;margin-top:15px;width:100%;\"><\/div><div class=\"fusion-sep-clear\"><\/div><div class=\"fusion-text fusion-text-2\"><p style=\"text-align: left;\">Nous adaptons le sentiment de vivre une aventure \u00e0 tous les profils de personnes en fonction de leur \u00e2ge et de leurs capacit\u00e9s. Un sentiment qui sera intrins\u00e8quement li\u00e9 aux valeurs et \u00e0 la marque de la soci\u00e9t\u00e9 qui organise votre \u00e9v\u00e9nement. En petit format ou plusieurs jours, nous nous engageons \u00e0 r\u00e9pondre \u00e0 tous les besoins et \u00e0 tous les budgets. Nous devenons un \u00e9v\u00e9nement m\u00e9morable et durable pour votre entreprise, votre convention, votre incentive ou votre pr\u00e9sentation de produit.<\/p>\n<\/div><div class=\"fusion-sep-clear\"><\/div><div class=\"fusion-separator fusion-clearfix\" style=\"float:left;margin-bottom:20px;width:100%;max-width:20px;\"><\/div><div class=\"fusion-sep-clear\"><\/div><\/div><\/div><div class=\"fusion-clearfix\"><\/div><\/div><\/div><\/div><\/div><div class=\"fusion-fullwidth fullwidth-box fusion-builder-row-3 fusion-parallax-fixed nonhundred-percent-fullwidth non-hundred-percent-height-scrolling fusion-equal-height-columns\" style=\"--awb-background-position:left top;--awb-border-radius-top-left:0px;--awb-border-radius-top-right:0px;--awb-border-radius-bottom-right:0px;--awb-border-radius-bottom-left:0px;--awb-padding-top:70px;--awb-padding-bottom:90px;--awb-background-image:url(&quot;https:\/\/tornasol.com\/wp-content\/uploads\/2019\/07\/outadv1.jpg&quot;);--awb-background-size:cover;--awb-border-sizes-top:0px;--awb-border-sizes-bottom:0px;--awb-flex-wrap:wrap;background-attachment:fixed;\" ><div class=\"fusion-builder-row fusion-row\"><div class=\"fusion-layout-column fusion_builder_column fusion-builder-column-3 fusion_builder_column_1_2 1_2 fusion-one-half fusion-column-first\" style=\"--awb-padding-top:10px;--awb-padding-right:20px;--awb-padding-bottom:10px;--awb-padding-left:20px;--awb-bg-color:rgba(255,255,255,0.7);--awb-bg-color-hover:rgba(255,255,255,0.7);--awb-bg-size:cover;--awb-margin-top:30px;width:50%;width:calc(50% - ( ( 9% ) * 0.5 ) );margin-right: 9%;\"><div class=\"fusion-column-wrapper fusion-column-has-shadow fusion-flex-column-wrapper-legacy\"><div class=\"fusion-column-content-centered\"><div class=\"fusion-column-content\"><div class=\"fusion-title title fusion-title-3 fusion-sep-none fusion-title-text fusion-title-size-one\" style=\"--awb-margin-top-small:0px;--awb-margin-right-small:0px;--awb-margin-bottom-small:20px;--awb-margin-left-small:0px;\"><h1 class=\"fusion-title-heading title-heading-left fusion-responsive-typography-calculated\" style=\"margin:0;--fontSize:48;line-height:1.12;\">Activit\u00e9s sportives et ludiques<\/h1><\/div><div class=\"fusion-sep-clear\"><\/div><div class=\"fusion-separator fusion-full-width-sep\" style=\"margin-left: auto;margin-right: auto;margin-top:15px;width:100%;\"><\/div><div class=\"fusion-sep-clear\"><\/div><div class=\"fusion-text fusion-text-3\"><p style=\"font-size: 21px;\"><strong>Programmes qui d\u00e9veloppent un concept de divertissement et dynamisme pour tous.<\/strong><\/p>\n<\/div><div class=\"fusion-sep-clear\"><\/div><div class=\"fusion-separator fusion-full-width-sep\" style=\"margin-left: auto;margin-right: auto;margin-top:15px;width:100%;\"><\/div><div class=\"fusion-sep-clear\"><\/div><div class=\"fusion-text fusion-text-4\"><p style=\"text-align: left;\">Activit\u00e9s sportives et r\u00e9cr\u00e9atives adapt\u00e9es au profil des participants en termes d&rsquo;\u00e2ge et de capacit\u00e9s. En toute s\u00e9curit\u00e9 et toujours entre les mains d\u2019instructeurs et d\u2019accompagnateurs professionnels pour garantir la s\u00e9curit\u00e9 et le m\u00e9lange d\u2019\u00e9motions et de plaisir. Le compl\u00e9ment id\u00e9al aux conventions et r\u00e9unions de votre entreprise, dans toutes les destinations. Le matin, l&rsquo;apr\u00e8s-midi ou le soir, nous trouverons toujours la proposition qui stimule et motive les membres de votre organisation. Avec ces programmes, nous parviendrons \u00e0 une am\u00e9lioration de l\u2019activit\u00e9 professionnelle, de l\u2019engagement positif, du bonheur et de la loyaut\u00e9 du personnel de votre entreprise.<\/p>\n<\/div><div class=\"fusion-sep-clear\"><\/div><div class=\"fusion-separator fusion-clearfix\" style=\"float:left;margin-bottom:20px;width:100%;max-width:20px;\"><\/div><div class=\"fusion-sep-clear\"><\/div><\/div><\/div><div class=\"fusion-clearfix\"><\/div><\/div><\/div><div class=\"fusion-layout-column fusion_builder_column fusion-builder-column-4 fusion_builder_column_1_2 1_2 fusion-one-half fusion-column-last\" style=\"--awb-bg-size:cover;--awb-margin-top:30px;width:50%;width:calc(50% - ( ( 9% ) * 0.5 ) );\"><div class=\"fusion-column-wrapper fusion-flex-column-wrapper-legacy\"><div class=\"fusion-column-content-centered\"><div class=\"fusion-column-content\"><\/div><\/div><div class=\"fusion-clearfix\"><\/div><\/div><\/div><\/div><\/div><div class=\"fusion-fullwidth fullwidth-box fusion-builder-row-4 nonhundred-percent-fullwidth non-hundred-percent-height-scrolling fusion-equal-height-columns\" style=\"--awb-background-position:left top;--awb-border-radius-top-left:0px;--awb-border-radius-top-right:0px;--awb-border-radius-bottom-right:0px;--awb-border-radius-bottom-left:0px;--awb-padding-top:70px;--awb-padding-bottom:90px;--awb-background-color:#f7f8f9;--awb-border-sizes-top:0px;--awb-border-sizes-bottom:0px;--awb-flex-wrap:wrap;\" ><div class=\"fusion-builder-row fusion-row\"><div class=\"fusion-layout-column fusion_builder_column fusion-builder-column-5 fusion_builder_column_1_2 1_2 fusion-one-half fusion-column-first\" style=\"--awb-bg-size:cover;--awb-margin-top:30px;width:50%;width:calc(50% - ( ( 9% ) * 0.5 ) );margin-right: 9%;\"><div class=\"fusion-column-wrapper fusion-flex-column-wrapper-legacy\"><div class=\"fusion-column-content-centered\"><div class=\"fusion-column-content\"><div class=\"fusion-image-element fusion-image-align-center in-legacy-container\" style=\"text-align:center;--awb-caption-title-font-family:var(--h2_typography-font-family);--awb-caption-title-font-weight:var(--h2_typography-font-weight);--awb-caption-title-font-style:var(--h2_typography-font-style);--awb-caption-title-size:var(--h2_typography-font-size);--awb-caption-title-transform:var(--h2_typography-text-transform);--awb-caption-title-line-height:var(--h2_typography-line-height);--awb-caption-title-letter-spacing:var(--h2_typography-letter-spacing);\"><div class=\"imageframe-align-center\"><span class=\" fusion-imageframe imageframe-none imageframe-3 hover-type-none\"><img decoding=\"async\" width=\"900\" height=\"589\" title=\"outadv4R\" src=\"https:\/\/tornasol.com\/wp-content\/uploads\/2020\/04\/outadv4R.jpg\" alt class=\"img-responsive wp-image-1423\" srcset=\"https:\/\/tornasol.com\/wp-content\/uploads\/2020\/04\/outadv4R-200x131.jpg 200w, https:\/\/tornasol.com\/wp-content\/uploads\/2020\/04\/outadv4R-400x262.jpg 400w, https:\/\/tornasol.com\/wp-content\/uploads\/2020\/04\/outadv4R-600x393.jpg 600w, https:\/\/tornasol.com\/wp-content\/uploads\/2020\/04\/outadv4R-800x524.jpg 800w, https:\/\/tornasol.com\/wp-content\/uploads\/2020\/04\/outadv4R.jpg 900w\" sizes=\"(max-width: 800px) 100vw, 600px\" \/><\/span><\/div><\/div><\/div><\/div><div class=\"fusion-clearfix\"><\/div><\/div><\/div><div class=\"fusion-layout-column fusion_builder_column fusion-builder-column-6 fusion_builder_column_1_2 1_2 fusion-one-half fusion-column-last\" style=\"--awb-bg-size:cover;--awb-margin-top:30px;width:50%;width:calc(50% - ( ( 9% ) * 0.5 ) );\"><div class=\"fusion-column-wrapper fusion-flex-column-wrapper-legacy\"><div class=\"fusion-column-content-centered\"><div class=\"fusion-column-content\"><div class=\"fusion-title title fusion-title-4 fusion-sep-none fusion-title-text fusion-title-size-one\" style=\"--awb-margin-top-small:0px;--awb-margin-right-small:0px;--awb-margin-bottom-small:20px;--awb-margin-left-small:0px;\"><h1 class=\"fusion-title-heading title-heading-left fusion-responsive-typography-calculated\" style=\"margin:0;--fontSize:48;line-height:1.12;\">Raids d'entreprise<\/h1><\/div><div class=\"fusion-sep-clear\"><\/div><div class=\"fusion-separator fusion-full-width-sep\" style=\"margin-left: auto;margin-right: auto;margin-top:15px;width:100%;\"><\/div><div class=\"fusion-sep-clear\"><\/div><div class=\"fusion-text fusion-text-5\"><p style=\"font-size: 21px;\"><strong>Activit\u00e9 sous forme de comp\u00e9tition adapt\u00e9e de fa\u00e7on sp\u00e9cifique \u00e0 votre entreprise et ses objetifs.<\/strong><\/p>\n<\/div><div class=\"fusion-sep-clear\"><\/div><div class=\"fusion-separator fusion-full-width-sep\" style=\"margin-left: auto;margin-right: auto;margin-top:15px;width:100%;\"><\/div><div class=\"fusion-sep-clear\"><\/div><div class=\"fusion-text fusion-text-6\"><p style=\"text-align: left;\">Un \"challenge\" ou \"raid\" d\u2019entreprise est un test de semi-comp\u00e9titivit\u00e9 en \u00e9quipe, avec activit\u00e9s sportives et ludiques, adapt\u00e9 aux capacit\u00e9s et au profil des participants et toujours \u00e0 l\u2019image de la marque de votre entreprise. Une activit\u00e9 de ce type permet de renforcer l\u2019engagement de sa signature avec l\u2019environnement, avec la nature, avec les valeurs du sport\u2026 pour relever les d\u00e9fis et contribuer \u00e0 la responsabilit\u00e9 sociale de l\u2019environnement.<\/p>\n<p style=\"text-align: left;\">Il peut \u00eatre organis\u00e9 en exclusivit\u00e9 pour votre entreprise ou \u00e9galement inviter famille et amis, inviter des fournisseurs, des prescripteurs et des clients; toujours dans le but de cr\u00e9er des liens et de stimuler un sentiment positif envers votre marque. Si nous vous accompagnons dans une campagne de communication interne et externe, nous pourrons rassembler tout un ensemble de valeurs afin de stimuler la connaissance et l'estime envers votre marque, votre entreprise ou votre produit.<\/p>\n<\/div><div class=\"fusion-sep-clear\"><\/div><div class=\"fusion-separator fusion-clearfix\" style=\"float:left;margin-bottom:20px;width:100%;max-width:20px;\"><\/div><div class=\"fusion-sep-clear\"><\/div><\/div><\/div><div class=\"fusion-clearfix\"><\/div><\/div><\/div><\/div><\/div><div class=\"fusion-fullwidth fullwidth-box fusion-builder-row-5 fusion-parallax-none nonhundred-percent-fullwidth non-hundred-percent-height-scrolling fusion-equal-height-columns\" style=\"--awb-background-blend-mode:overlay;--awb-border-radius-top-left:0px;--awb-border-radius-top-right:0px;--awb-border-radius-bottom-right:0px;--awb-border-radius-bottom-left:0px;--awb-padding-top:5%;--awb-padding-bottom:6%;--awb-background-color:rgba(0,0,0,0.31);--awb-background-image:url(&quot;https:\/\/tornasol.com\/wp-content\/uploads\/2019\/07\/kayaking-1149886R.jpg&quot;);--awb-background-size:cover;--awb-flex-wrap:wrap;\" ><div class=\"fusion-builder-row fusion-row\"><div class=\"fusion-layout-column fusion_builder_column fusion-builder-column-7 fusion_builder_column_1_5 1_5 fusion-one-fifth fusion-column-first fusion-no-small-visibility\" style=\"--awb-bg-size:cover;--awb-margin-bottom:0px;width:20%;width:calc(20% - ( ( 4% + 4% ) * 0.2 ) );margin-right: 4%;\"><div class=\"fusion-column-wrapper fusion-flex-column-wrapper-legacy\"><div class=\"fusion-clearfix\"><\/div><\/div><\/div><div class=\"fusion-layout-column fusion_builder_column fusion-builder-column-8 fusion_builder_column_3_5 3_5 fusion-three-fifth\" style=\"--awb-bg-size:cover;--awb-margin-top:40px;--awb-margin-bottom:40px;width:60%;width:calc(60% - ( ( 4% + 4% ) * 0.6 ) );margin-right: 4%;\"><div class=\"fusion-column-wrapper fusion-flex-column-wrapper-legacy\"><div class=\"fusion-column-content-centered\"><div class=\"fusion-column-content\"><div class=\"fusion-title title fusion-title-5 fusion-sep-none fusion-title-center fusion-title-text fusion-title-size-one\" style=\"--awb-margin-top-small:0px;--awb-margin-right-small:0px;--awb-margin-bottom-small:20px;--awb-margin-left-small:0px;\"><h1 class=\"fusion-title-heading title-heading-center fusion-responsive-typography-calculated\" style=\"margin:0;--fontSize:48;line-height:1.12;\"><span style=\"color: #ffffff;\">CAS DE SUCC\u00c8S<\/span><\/h1><\/div><div class=\"fusion-text fusion-text-7\"><p style=\"font-size: 30px; text-align: center;\"><span style=\"color: #ffffff;\">Des entreprises qui ont d\u00e9j\u00e0 fait confiance et continuent \u00e0 nous faire confiance depuis 1991.<\/span><\/p>\n<\/div><div class=\"fusion-sep-clear\"><\/div><div class=\"fusion-separator fusion-full-width-sep\" style=\"margin-left: auto;margin-right: auto;margin-top:10px;width:100%;\"><\/div><div class=\"fusion-sep-clear\"><\/div><div class=\"fusion-button-wrapper fusion-aligncenter\"><a class=\"fusion-button button-flat fusion-button-default-size button-default fusion-button-default button-1 fusion-button-default-span fusion-button-default-type\" target=\"_blank\" rel=\"noopener noreferrer\" href=\"https:\/\/tornasol.com\/wp-content\/uploads\/2019\/07\/clients.pdf\"><span class=\"fusion-button-text awb-button__text awb-button__text--default\">VOIR LES ENTREPRISES<\/span><\/a><\/div><\/div><\/div><div class=\"fusion-clearfix\"><\/div><\/div><\/div><div class=\"fusion-layout-column fusion_builder_column fusion-builder-column-9 fusion_builder_column_1_5 1_5 fusion-one-fifth fusion-column-last fusion-no-small-visibility\" style=\"--awb-bg-size:cover;--awb-margin-bottom:0px;width:20%;width:calc(20% - ( ( 4% + 4% ) * 0.2 ) );\"><div class=\"fusion-column-wrapper fusion-flex-column-wrapper-legacy\"><div class=\"fusion-clearfix\"><\/div><\/div><\/div><\/div><\/div><\/p>\n","protected":false},"excerpt":{"rendered":"","protected":false},"author":1,"featured_media":0,"parent":0,"menu_order":0,"comment_status":"closed","ping_status":"closed","template":"100-width.php","meta":{"footnotes":""},"class_list":["post-1338","page","type-page","status-publish","hentry"],"yoast_head":"<!-- This site is optimized with the Yoast SEO plugin v27.4 - https:\/\/yoast.com\/product\/yoast-seo-wordpress\/ -->\n<title>Activit\u00e9s Outdoor et d&#039;Aventure - Tornasol Events<\/title>\n<meta name=\"robots\" content=\"index, follow, max-snippet:-1, max-image-preview:large, max-video-preview:-1\" \/>\n<link rel=\"canonical\" href=\"https:\/\/tornasol.com\/fr\/activites-outdoor-et-daventure\/\" \/>\n<meta property=\"og:locale\" content=\"fr_FR\" \/>\n<meta property=\"og:type\" content=\"article\" \/>\n<meta property=\"og:title\" content=\"Activit\u00e9s Outdoor et d&#039;Aventure - Tornasol Events\" \/>\n<meta property=\"og:url\" content=\"https:\/\/tornasol.com\/fr\/activites-outdoor-et-daventure\/\" \/>\n<meta property=\"og:site_name\" content=\"Tornasol Events\" \/>\n<meta property=\"article:modified_time\" content=\"2020-04-28T18:31:48+00:00\" \/>\n<meta name=\"twitter:card\" content=\"summary_large_image\" \/>\n<meta name=\"twitter:label1\" content=\"Dur\u00e9e de lecture estim\u00e9e\" \/>\n\t<meta name=\"twitter:data1\" content=\"14 minutes\" \/>\n<script type=\"application\/ld+json\" class=\"yoast-schema-graph\">{\"@context\":\"https:\\\/\\\/schema.org\",\"@graph\":[{\"@type\":\"WebPage\",\"@id\":\"https:\\\/\\\/tornasol.com\\\/fr\\\/activites-outdoor-et-daventure\\\/\",\"url\":\"https:\\\/\\\/tornasol.com\\\/fr\\\/activites-outdoor-et-daventure\\\/\",\"name\":\"Activit\u00e9s Outdoor et d'Aventure - Tornasol Events\",\"isPartOf\":{\"@id\":\"https:\\\/\\\/tornasol.com\\\/#website\"},\"datePublished\":\"2017-10-20T22:31:08+00:00\",\"dateModified\":\"2020-04-28T18:31:48+00:00\",\"breadcrumb\":{\"@id\":\"https:\\\/\\\/tornasol.com\\\/fr\\\/activites-outdoor-et-daventure\\\/#breadcrumb\"},\"inLanguage\":\"fr-FR\",\"potentialAction\":[{\"@type\":\"ReadAction\",\"target\":[\"https:\\\/\\\/tornasol.com\\\/fr\\\/activites-outdoor-et-daventure\\\/\"]}]},{\"@type\":\"BreadcrumbList\",\"@id\":\"https:\\\/\\\/tornasol.com\\\/fr\\\/activites-outdoor-et-daventure\\\/#breadcrumb\",\"itemListElement\":[{\"@type\":\"ListItem\",\"position\":1,\"name\":\"Portada\",\"item\":\"https:\\\/\\\/tornasol.com\\\/fr\\\/\"},{\"@type\":\"ListItem\",\"position\":2,\"name\":\"Activit\u00e9s Outdoor et d&rsquo;Aventure\"}]},{\"@type\":\"WebSite\",\"@id\":\"https:\\\/\\\/tornasol.com\\\/#website\",\"url\":\"https:\\\/\\\/tornasol.com\\\/\",\"name\":\"Tornasol Events\",\"description\":\"Activitats d&#039;Outdoor i d&#039;aventura per empreses i organitzacions\",\"potentialAction\":[{\"@type\":\"SearchAction\",\"target\":{\"@type\":\"EntryPoint\",\"urlTemplate\":\"https:\\\/\\\/tornasol.com\\\/?s={search_term_string}\"},\"query-input\":{\"@type\":\"PropertyValueSpecification\",\"valueRequired\":true,\"valueName\":\"search_term_string\"}}],\"inLanguage\":\"fr-FR\"}]}<\/script>\n<!-- \/ Yoast SEO plugin. -->","yoast_head_json":{"title":"Activit\u00e9s Outdoor et d'Aventure - Tornasol Events","robots":{"index":"index","follow":"follow","max-snippet":"max-snippet:-1","max-image-preview":"max-image-preview:large","max-video-preview":"max-video-preview:-1"},"canonical":"https:\/\/tornasol.com\/fr\/activites-outdoor-et-daventure\/","og_locale":"fr_FR","og_type":"article","og_title":"Activit\u00e9s Outdoor et d'Aventure - Tornasol Events","og_url":"https:\/\/tornasol.com\/fr\/activites-outdoor-et-daventure\/","og_site_name":"Tornasol Events","article_modified_time":"2020-04-28T18:31:48+00:00","twitter_card":"summary_large_image","twitter_misc":{"Dur\u00e9e de lecture estim\u00e9e":"14 minutes"},"schema":{"@context":"https:\/\/schema.org","@graph":[{"@type":"WebPage","@id":"https:\/\/tornasol.com\/fr\/activites-outdoor-et-daventure\/","url":"https:\/\/tornasol.com\/fr\/activites-outdoor-et-daventure\/","name":"Activit\u00e9s Outdoor et d'Aventure - Tornasol Events","isPartOf":{"@id":"https:\/\/tornasol.com\/#website"},"datePublished":"2017-10-20T22:31:08+00:00","dateModified":"2020-04-28T18:31:48+00:00","breadcrumb":{"@id":"https:\/\/tornasol.com\/fr\/activites-outdoor-et-daventure\/#breadcrumb"},"inLanguage":"fr-FR","potentialAction":[{"@type":"ReadAction","target":["https:\/\/tornasol.com\/fr\/activites-outdoor-et-daventure\/"]}]},{"@type":"BreadcrumbList","@id":"https:\/\/tornasol.com\/fr\/activites-outdoor-et-daventure\/#breadcrumb","itemListElement":[{"@type":"ListItem","position":1,"name":"Portada","item":"https:\/\/tornasol.com\/fr\/"},{"@type":"ListItem","position":2,"name":"Activit\u00e9s Outdoor et d&rsquo;Aventure"}]},{"@type":"WebSite","@id":"https:\/\/tornasol.com\/#website","url":"https:\/\/tornasol.com\/","name":"Tornasol Events","description":"Activitats d&#039;Outdoor i d&#039;aventura per empreses i organitzacions","potentialAction":[{"@type":"SearchAction","target":{"@type":"EntryPoint","urlTemplate":"https:\/\/tornasol.com\/?s={search_term_string}"},"query-input":{"@type":"PropertyValueSpecification","valueRequired":true,"valueName":"search_term_string"}}],"inLanguage":"fr-FR"}]}},"_links":{"self":[{"href":"https:\/\/tornasol.com\/fr\/wp-json\/wp\/v2\/pages\/1338","targetHints":{"allow":["GET"]}}],"collection":[{"href":"https:\/\/tornasol.com\/fr\/wp-json\/wp\/v2\/pages"}],"about":[{"href":"https:\/\/tornasol.com\/fr\/wp-json\/wp\/v2\/types\/page"}],"author":[{"embeddable":true,"href":"https:\/\/tornasol.com\/fr\/wp-json\/wp\/v2\/users\/1"}],"replies":[{"embeddable":true,"href":"https:\/\/tornasol.com\/fr\/wp-json\/wp\/v2\/comments?post=1338"}],"version-history":[{"count":3,"href":"https:\/\/tornasol.com\/fr\/wp-json\/wp\/v2\/pages\/1338\/revisions"}],"predecessor-version":[{"id":1344,"href":"https:\/\/tornasol.com\/fr\/wp-json\/wp\/v2\/pages\/1338\/revisions\/1344"}],"wp:attachment":[{"href":"https:\/\/tornasol.com\/fr\/wp-json\/wp\/v2\/media?parent=1338"}],"curies":[{"name":"wp","href":"https:\/\/api.w.org\/{rel}","templated":true}]}}